{"id":573,"date":"2022-07-05T20:47:23","date_gmt":"2022-07-05T18:47:23","guid":{"rendered":"https:\/\/domaine-croixdarbussin.com\/?page_id=573"},"modified":"2024-05-16T16:27:55","modified_gmt":"2024-05-16T14:27:55","slug":"mentions-legales","status":"publish","type":"page","link":"https:\/\/www.domaine-croixdarbussin.com\/en\/mentions-legales\/","title":{"rendered":"Legals"},"content":{"rendered":"<div data-elementor-type=\"wp-page\" data-elementor-id=\"573\" class=\"elementor elementor-573\" data-elementor-post-type=\"page\">\n\t\t\t\t\t\t<section class=\"elementor-section elementor-top-section elementor-element elementor-element-48aaa687 elementor-section-boxed elementor-section-height-default elementor-section-height-default\" data-id=\"48aaa687\" data-element_type=\"section\" data-e-type=\"section\">\n\t\t\t\t\t\t<div class=\"elementor-container elementor-column-gap-default\">\n\t\t\t\t\t<div class=\"elementor-column elementor-col-100 elementor-top-column elementor-element elementor-element-7204b9d6\" data-id=\"7204b9d6\" data-element_type=\"column\" data-e-type=\"column\">\n\t\t\t<div class=\"elementor-widget-wrap elementor-element-populated\">\n\t\t\t\t\t\t<div class=\"elementor-element elementor-element-049d51a elementor-widget elementor-widget-heading\" data-id=\"049d51a\" data-element_type=\"widget\" data-e-type=\"widget\" data-no-translation=\"\" data-widget_type=\"heading.default\">\n\t\t\t\t<div class=\"elementor-widget-container\">\n\t\t\t\t\t<style>.elementor-element-049d51a{display:none !important}<\/style>\t\t\t\t<\/div>\n\t\t\t\t<\/div>\n\t\t\t\t<div class=\"elementor-element elementor-element-efb1d71 elementor-widget elementor-widget-text-editor\" data-id=\"efb1d71\" data-element_type=\"widget\" data-e-type=\"widget\" data-no-translation=\"\" data-widget_type=\"text-editor.default\">\n\t\t\t\t<div class=\"elementor-widget-container\">\n\t\t\t\t\t<style>.elementor-element-efb1d71{display:none !important}<\/style>\t\t\t\t<\/div>\n\t\t\t\t<\/div>\n\t\t\t\t<div class=\"elementor-element elementor-element-7396d25 elementor-widget elementor-widget-text-editor\" data-id=\"7396d25\" data-element_type=\"widget\" data-e-type=\"widget\" data-no-translation=\"\" data-widget_type=\"text-editor.default\">\n\t\t\t\t<div class=\"elementor-widget-container\">\n\t\t\t\t\t\t\t\t\t<h2>1. WEBSITE PRESENTATION<\/h2>\n<p>UNDER ARTICLE 6 OF LAW N\u00b0 2004-575 OF JUNE 21, 2004 ON CONFIDENCE IN THE DIGITAL ECONOMY, IT IS SPECIFIED TO USERS OF THE SITE\u00a0<a title=\"Sarl Laurent Gobet IS THE OWNER OF THE INTELLECTUAL PROPERTY RIGHTS OR HOLD THE RIGHTS OF USE ON ALL THE ELEMENTS ACCESSIBLE ON THE WEBSITE, INCLUDING TEXT, IMAGES, GRAPHICS, LOGO, ICONS, SOUNDS, SOFTWARE.\" href=\"https:\/\/www.domaine-croixdarbussin.com\/en\">Sarl Laurent Gobet<\/a>\u00a0THE IDENTITY OF THE VARIOUS INTERVENORS IN THE FRAMEWORK OF ITS REALISATION AND ITS FOLLOW-UP:<\/p>\n<ul>\n<li>SITE OWNER: SARL LAURENT GOBET<\/li>\n<li>SI\u00c8GE SOCIAL : 4095 RTE DE MACON 71870 HURIGNY<\/li>\n<li>SIRET NUMBER: 88376469800014<\/li>\n<li>RCS REGISTRATION NUMBER: MACON B 883 764 698<\/li>\n<li>VAT IDENTIFICATION NUMBER: MACON B 883 764 698<\/li>\n<li>PUBLICATION MANAGER: MRS SOPHIE FERRANDINI &#8211; SOPHIE@LESDIVINES-COMMUNICATION.COM<\/li>\n<li>WEBSITE CREATOR: MR DIMITRI TONNAIRE &#8211; BONJOUR@DIMITRITONNAIRE.TECH\u00a0<a title=\"Mr Dimitri TONNAIRE\" href=\"https:\/\/www.domaine-croixdarbussin.com\/en\/www.dimitritonnaire.tech\/\" target=\"_blank\" rel=\"noopener\">Mr Dimitri TONNAIRE<\/a>\u00a0&#8211; BONJOUR@DIMITRITONNAIRE.TECH<\/li>\n<li>HOST: OVH<\/li>\n<\/ul>\n<h2>2. GENERAL CONDITIONS OF THE WEBSITE&rsquo;S USE AND THE OFFERED SERVICES<\/h2>\n<p class=\"translation-block\">THE USE OF THE SARL LAURENT GOBET WEBSITE IMPLIES FULL ACCEPTANCE OF THE GENERAL CONDITIONS OF USE LATER DESCRIBED. THESE CONDITIONS OF USE ARE SUBJECT TO CHANGE OR COMPLEMENTATION AT ANY TIME, SO USERS OF THE SARL LAURENT GOBET WEBSITE ARE ADVISED TO CONSULT THEM ON A REGULAR BASIS.<\/p>\n<p>THIS SITE IS NORMALLY ACCESSIBLE TO USERS AT ANY TIME. AN INTERRUPTION FOR TECHNICAL MAINTENANCE REASONS MAY HOWEVER BE DECIDED BY SARL LAURENT GOBET, WHO WILL THEN TRY TO COMMUNICATE TO USERS PRIOR TO THE DATES AND TIMES OF THE INTERVENTION.\u00a0<a title=\"Sarl Laurent Gobet IS THE OWNER OF THE INTELLECTUAL PROPERTY RIGHTS OR HOLD THE RIGHTS OF USE ON ALL THE ELEMENTS ACCESSIBLE ON THE WEBSITE, INCLUDING TEXT, IMAGES, GRAPHICS, LOGO, ICONS, SOUNDS, SOFTWARE.\" href=\"https:\/\/www.domaine-croixdarbussin.com\/en\">Sarl Laurent Gobet<\/a>, QUI S\u2019EFFORCERA ALORS DE COMMUNIQUER PR\u00c9ALABLEMENT AUX UTILISATEURS LES DATES ET HEURES DE L\u2019INTERVENTION.<\/p>\n<p class=\"translation-block\">THE WEBSITE SARL LAURENT GOBET IS UPDATED REGULARLY BY SARL LAURENT GOBET. IN THE SAME WAY, THE LEGAL NOTICES CAN BE MODIFIED AT ANY TIME: THEY ARE BINDING FOR THE USER, WHO IS THUS INVITED TO REFER TO THEM AS OFTEN AS POSSIBLE TO BECOME AWARE OF THEM.<\/p>\n<h2>3. DESCRIPTION OF THE PROVIDED SERVICES<\/h2>\n<p>THE WEBSITE OF SARL LAURENT GOBET CONTAINS A NUMBER OF HYPERTEXT LINKS LEADING TO OTHER WEBSITES, PLACED WITH THE AUTHORISATION OF SARL LAURENT GOBET. HOWEVER, SARL LAURENT GOBET DOES NOT HAVE THE ABILITY TO VERIFY THE CONTENT OF THE VISITED SITES, AND WILL THEREFORE ASSUME NO RESPONSIBILITY RELATED TO THE USE OF THOSE SITES.\u00a0<a title=\"Sarl Laurent Gobet IS THE OWNER OF THE INTELLECTUAL PROPERTY RIGHTS OR HOLD THE RIGHTS OF USE ON ALL THE ELEMENTS ACCESSIBLE ON THE WEBSITE, INCLUDING TEXT, IMAGES, GRAPHICS, LOGO, ICONS, SOUNDS, SOFTWARE.\" href=\"https:\/\/www.domaine-croixdarbussin.com\/en\">Sarl Laurent Gobet<\/a>\u00a0A POUR OBJET DE FOURNIR UNE INFORMATION CONCERNANT L\u2019ENSEMBLE DES ACTIVIT\u00c9S DE LA SOCI\u00c9T\u00c9.<\/p>\n<p class=\"translation-block\">SARL LAURENT GOBET MAKES EVERY EFFORT TO PROVIDE INFORMATION AS ACCURATE AS POSSIBLE ON THE SARL LAURENT GOBET WEBSITE. HOWEVER, IT CANNOT BE HELD RESPONSIBLE FOR OMISSIONS, INACCURACIES OR SHORTCOMINGS IN THE UPDATING OF THE INFORMATION, WHETHER CAUSED BY ITSELF OR BY THIRD-PARTY PARTNERS WHO PROVIDE THE INFORMATION.<\/p>\n<p>ALL INFORMATION PROVIDED ON THE SARL LAURENT GOBET WEBSITE IS INDICATIVE, AND SUBJECT TO CHANGE. FURTHERMORE, THE INFORMATION APPEARING ON THE SARL LAURENT GOBET WEBSITE IS NOT EXHAUSTIVE, AND IS SUBJECT TO ANY CHANGE THAT MAY HAVE BEEN MADE SINCE IT WAS PUT ONLINE.\u00a0<a title=\"Sarl Laurent Gobet IS THE OWNER OF THE INTELLECTUAL PROPERTY RIGHTS OR HOLD THE RIGHTS OF USE ON ALL THE ELEMENTS ACCESSIBLE ON THE WEBSITE, INCLUDING TEXT, IMAGES, GRAPHICS, LOGO, ICONS, SOUNDS, SOFTWARE.\" href=\"https:\/\/www.domaine-croixdarbussin.com\/en\">Sarl Laurent Gobet<\/a>\u00a0SONT DONN\u00c9ES \u00c0 TITRE INDICATIF, ET SONT SUSCEPTIBLES D\u2019\u00c9VOLUER. PAR AILLEURS, LES RENSEIGNEMENTS FIGURANT SUR LE SITE\u00a0<a title=\"Sarl Laurent Gobet IS THE OWNER OF THE INTELLECTUAL PROPERTY RIGHTS OR HOLD THE RIGHTS OF USE ON ALL THE ELEMENTS ACCESSIBLE ON THE WEBSITE, INCLUDING TEXT, IMAGES, GRAPHICS, LOGO, ICONS, SOUNDS, SOFTWARE.\" href=\"https:\/\/www.domaine-croixdarbussin.com\/en\">Sarl Laurent Gobet<\/a>\u00a0NE SONT PAS EXHAUSTIFS. ILS SONT DONN\u00c9S SOUS R\u00c9SERVE DE MODIFICATIONS AYANT \u00c9T\u00c9 APPORT\u00c9ES DEPUIS LEUR MISE EN LIGNE.<\/p>\n<h2>4. CONTRACTUAL LIMITATIONS ON TECHNICAL DATA<\/h2>\n<p>THE SITE USES JAVASCRIPT TECHNOLOGY.<\/p>\n<p>THE WEBSITE CANNOT BE HELD RESPONSIBLE FOR MATERIAL DAMAGES RELATED TO THE USE OF THE SITE. MOREOVER, THE USER OF THE SITE UNDERTAKES TO ACCESS THE SITE USING RECENT EQUIPMENT, FREE OF VIRUSES AND WITH A LAST GENERATION UPDATED BROWSER.<\/p>\n<h2>5. INTELLECTUAL PROPERTY AND COUNTERFEITING<\/h2>\n<p><a title=\"Sarl Laurent Gobet IS THE OWNER OF THE INTELLECTUAL PROPERTY RIGHTS OR HOLD THE RIGHTS OF USE ON ALL THE ELEMENTS ACCESSIBLE ON THE WEBSITE, INCLUDING TEXT, IMAGES, GRAPHICS, LOGO, ICONS, SOUNDS, SOFTWARE.\" href=\"https:\/\/www.domaine-croixdarbussin.com\/en\">Sarl Laurent Gobet<\/a>\u00a0EST PROPRI\u00c9TAIRE DES DROITS DE PROPRI\u00c9T\u00c9 INTELLECTUELLE OU D\u00c9TIENT LES DROITS D\u2019USAGE SUR TOUS LES \u00c9L\u00c9MENTS ACCESSIBLES SUR LE SITE, NOTAMMENT LES TEXTES, IMAGES, GRAPHISMES, LOGO, IC\u00d4NES, SONS, LOGICIELS.<\/p>\n<p>ANY REPRODUCTION, REPRESENTATION, MODIFICATION, PUBLICATION, ADAPTATION OF ALL OR PART OF THE ELEMENTS OF THE SITE, WHATEVER THE MEANS OR PROCESS USED, IS PROHIBITED, EXCEPT WITH THE PRIOR WRITTEN AUTHORIZATION OF:\u00a0<a title=\"Sarl Laurent Gobet IS THE OWNER OF THE INTELLECTUAL PROPERTY RIGHTS OR HOLD THE RIGHTS OF USE ON ALL THE ELEMENTS ACCESSIBLE ON THE WEBSITE, INCLUDING TEXT, IMAGES, GRAPHICS, LOGO, ICONS, SOUNDS, SOFTWARE.\" href=\"https:\/\/www.domaine-croixdarbussin.com\/en\">Sarl Laurent Gobet<\/a>.<\/p>\n<p>ANY UNAUTHORIZED EXPLOITATION OF THE SITE OR OF ANY OF THE ELEMENTS IT CONTAINS WILL BE CONSIDERED AS CONSTITUTING A COUNTERFEIT AND WILL BE PROSECUTED IN ACCORDANCE WITH THE PROVISIONS OF ARTICLES L.335-2 AND FOLLOWINGS OF THE INTELLECTUAL PROPERTY CODE.<\/p>\n<h2>6. RESPONSABILITY LIMITATIONS<\/h2>\n<p><a title=\"Sarl Laurent Gobet IS THE OWNER OF THE INTELLECTUAL PROPERTY RIGHTS OR HOLD THE RIGHTS OF USE ON ALL THE ELEMENTS ACCESSIBLE ON THE WEBSITE, INCLUDING TEXT, IMAGES, GRAPHICS, LOGO, ICONS, SOUNDS, SOFTWARE.\" href=\"https:\/\/www.domaine-croixdarbussin.com\/en\">Sarl Laurent Gobet<\/a>\u00a0NE POURRA \u00caTRE TENU RESPONSABLE DES DOMMAGES DIRECTS ET INDIRECTS CAUS\u00c9S AU MAT\u00c9RIEL DE L\u2019UTILISATEUR, LORS DE L\u2019ACC\u00c8S AU SITE\u00a0<a title=\"Sarl Laurent Gobet IS THE OWNER OF THE INTELLECTUAL PROPERTY RIGHTS OR HOLD THE RIGHTS OF USE ON ALL THE ELEMENTS ACCESSIBLE ON THE WEBSITE, INCLUDING TEXT, IMAGES, GRAPHICS, LOGO, ICONS, SOUNDS, SOFTWARE.\" href=\"https:\/\/www.domaine-croixdarbussin.com\/en\">Sarl Laurent Gobet<\/a>, ET R\u00c9SULTANT SOIT DE L\u2019UTILISATION D\u2019UN MAT\u00c9RIEL NE R\u00c9PONDANT PAS AUX SP\u00c9CIFICATIONS INDIQU\u00c9ES AU POINT 4, SOIT DE L\u2019APPARITION D\u2019UN BUG OU D\u2019UNE INCOMPATIBILIT\u00c9.<\/p>\n<p><a title=\"Sarl Laurent Gobet IS THE OWNER OF THE INTELLECTUAL PROPERTY RIGHTS OR HOLD THE RIGHTS OF USE ON ALL THE ELEMENTS ACCESSIBLE ON THE WEBSITE, INCLUDING TEXT, IMAGES, GRAPHICS, LOGO, ICONS, SOUNDS, SOFTWARE.\" href=\"https:\/\/www.domaine-croixdarbussin.com\/en\">Sarl Laurent Gobet<\/a>\u00a0IN ADDITION, SARL LAURENT GOBET SHALL NOT BE LIABLE FOR ANY CONSEQUENTIAL DAMAGES (SUCH AS LOST MARKET OR LOST OPPORTUNITY) ARISING OUT OF THE USE OF OF THE SARL LAURENT GOBET WEBSITE.\u00a0<a title=\"Sarl Laurent Gobet IS THE OWNER OF THE INTELLECTUAL PROPERTY RIGHTS OR HOLD THE RIGHTS OF USE ON ALL THE ELEMENTS ACCESSIBLE ON THE WEBSITE, INCLUDING TEXT, IMAGES, GRAPHICS, LOGO, ICONS, SOUNDS, SOFTWARE.\" href=\"https:\/\/www.domaine-croixdarbussin.com\/en\">Sarl Laurent Gobet<\/a>.<\/p>\n<p>INTERACTIVE SPACES (POSSIBILITY OF ASKING QUESTIONS THROUGH THE CONTACT SPACE) ARE AVAILABLE TO USERS.\u00a0SARL LAURENT GOBET RESERVES THE RIGHT TO DELETE, WITHOUT PRIOR WARRANTY, ANY CONTENT DEPOSITED IN THIS AREA WHICH BREACHES THE LEGISLATION APPLICABLE IN FRANCE, IN PARTICULAR THE PROVISIONS RELATING TO DATA PROTECTION. IF ANY, SARL LAURENT GOBET ALSO RESERVES THE OPPORTUNITY TO ASSUME CIVIL AND\/OR PENAL LIABILITY OF THE USER, IN PARTICULAR IN THE EVENT OF MESSAGES OF A RACIST, INJURIOUS, DIFFAMENT, OR PORNOGRAPHIC CHARACTER, REGARDLESS OF THE MEDIUM USED (TEXT, PHOTOGRAPHY&#8230;).\u00a0<a title=\"Sarl Laurent Gobet IS THE OWNER OF THE INTELLECTUAL PROPERTY RIGHTS OR HOLD THE RIGHTS OF USE ON ALL THE ELEMENTS ACCESSIBLE ON THE WEBSITE, INCLUDING TEXT, IMAGES, GRAPHICS, LOGO, ICONS, SOUNDS, SOFTWARE.\" href=\"https:\/\/www.domaine-croixdarbussin.com\/en\">Sarl Laurent Gobet<\/a>\u00a0SE R\u00c9SERVE LE DROIT DE SUPPRIMER, SANS MISE EN DEMEURE PR\u00c9ALABLE, TOUT CONTENU D\u00c9POS\u00c9 DANS CET ESPACE QUI CONTREVIENDRAIT \u00c0 LA L\u00c9GISLATION APPLICABLE EN FRANCE, EN PARTICULIER AUX DISPOSITIONS RELATIVES \u00c0 LA PROTECTION DES DONN\u00c9ES. LE CAS \u00c9CH\u00c9ANT,\u00a0<a title=\"Sarl Laurent Gobet IS THE OWNER OF THE INTELLECTUAL PROPERTY RIGHTS OR HOLD THE RIGHTS OF USE ON ALL THE ELEMENTS ACCESSIBLE ON THE WEBSITE, INCLUDING TEXT, IMAGES, GRAPHICS, LOGO, ICONS, SOUNDS, SOFTWARE.\" href=\"https:\/\/www.domaine-croixdarbussin.com\/en\">Sarl Laurent Gobet<\/a>\u00a0SE R\u00c9SERVE \u00c9GALEMENT LA POSSIBILIT\u00c9 DE METTRE EN CAUSE LA RESPONSABILIT\u00c9 CIVILE ET\/OU P\u00c9NALE DE L\u2019UTILISATEUR, NOTAMMENT EN CAS DE MESSAGE \u00c0 CARACT\u00c8RE RACISTE, INJURIEUX, DIFFAMANT, OU PORNOGRAPHIQUE, QUEL QUE SOIT LE SUPPORT UTILIS\u00c9 (TEXTE, PHOTOGRAPHIE\u2026).<\/p>\n<h2>7. PERSONAL DATA MANAGEMENT<\/h2>\n<p>IN FRANCE, PERSONAL DATA IS PROTECTED UNDER LAW N\u00b0 78-87 OF JANUARY 6, 1978, LAW N\u00b0 2004-801 OF AUGUST 6, 2004, ARTICLE L. 226-13 OF THE PENAL CODE AND THE EUROPEAN DIRECTIVE OF OCTOBER 24, 1995.<\/p>\n<p>WHEN USING THE SARL LAURENT GOBET WEBSITE, THE FOLLOWING MAY BE COLLECTED: THE LINKS&rsquo; URL BY WHICH THE USER ACCESSES THE SARL LAURENT GOBET WEBSITE, THE USER&rsquo;S ACCESS PROVIDER AND THE USER&rsquo;S INTERNET PROTOCOL ADDRESS (IP).\u00a0<a title=\"Sarl Laurent Gobet IS THE OWNER OF THE INTELLECTUAL PROPERTY RIGHTS OR HOLD THE RIGHTS OF USE ON ALL THE ELEMENTS ACCESSIBLE ON THE WEBSITE, INCLUDING TEXT, IMAGES, GRAPHICS, LOGO, ICONS, SOUNDS, SOFTWARE.\" href=\"https:\/\/www.domaine-croixdarbussin.com\/en\">Sarl Laurent Gobet<\/a>, PEUVENT \u00caTRES RECUEILLIES : L&rsquo;URL DES LIENS PAR L&rsquo;INTERM\u00c9DIAIRE DESQUELS L&rsquo;UTILISATEUR A ACC\u00c9D\u00c9 AU SITE\u00a0<a title=\"Sarl Laurent Gobet IS THE OWNER OF THE INTELLECTUAL PROPERTY RIGHTS OR HOLD THE RIGHTS OF USE ON ALL THE ELEMENTS ACCESSIBLE ON THE WEBSITE, INCLUDING TEXT, IMAGES, GRAPHICS, LOGO, ICONS, SOUNDS, SOFTWARE.\" href=\"https:\/\/www.domaine-croixdarbussin.com\/en\">Sarl Laurent Gobet<\/a>, LE FOURNISSEUR D&rsquo;ACC\u00c8S DE L&rsquo;UTILISATEUR, L&rsquo;ADRESSE DE PROTOCOLE INTERNET (IP) DE L&rsquo;UTILISATEUR.<\/p>\n<p>IN ANY EVENT, SARL LAURENT GOBET COLLECTS PERSONAL INFORMATION RELATING TO THE USER ONLY FOR THE PURPOSE OF CERTAIN SERVICES PROVIDED BY THE SITE SARL LAURENT GOBET. THE USER PROVIDES THIS INFORMATION WITH FULL KNOWLEDGE OF THE TERMS, PARTICULARLY WHEN HE\/SHE ENTERS IT. THE USER OF THE SARL LAURENT GOBET WEBSITE IS THEREFORE ADVISED OF THE OBLIGATION OR NOT TO PROVIDE THIS INFORMATION.\u00a0<a title=\"Sarl Laurent Gobet IS THE OWNER OF THE INTELLECTUAL PROPERTY RIGHTS OR HOLD THE RIGHTS OF USE ON ALL THE ELEMENTS ACCESSIBLE ON THE WEBSITE, INCLUDING TEXT, IMAGES, GRAPHICS, LOGO, ICONS, SOUNDS, SOFTWARE.\" href=\"https:\/\/www.domaine-croixdarbussin.com\/en\">Sarl Laurent Gobet<\/a>\u00a0NE COLLECTE DES INFORMATIONS PERSONNELLES RELATIVES \u00c0 L&rsquo;UTILISATEUR QUE POUR LE BESOIN DE CERTAINS SERVICES PROPOS\u00c9S PAR LE SITE\u00a0<a title=\"Sarl Laurent Gobet IS THE OWNER OF THE INTELLECTUAL PROPERTY RIGHTS OR HOLD THE RIGHTS OF USE ON ALL THE ELEMENTS ACCESSIBLE ON THE WEBSITE, INCLUDING TEXT, IMAGES, GRAPHICS, LOGO, ICONS, SOUNDS, SOFTWARE.\" href=\"https:\/\/www.domaine-croixdarbussin.com\/en\">Sarl Laurent Gobet<\/a>. L&rsquo;UTILISATEUR FOURNIT CES INFORMATIONS EN TOUTE CONNAISSANCE DE CAUSE, NOTAMMENT LORSQU&rsquo;IL PROC\u00c8DE PAR LUI-M\u00caME \u00c0 LEUR SAISIE. IL EST ALORS PR\u00c9CIS\u00c9 \u00c0 L&rsquo;UTILISATEUR DU SITE\u00a0<a title=\"Sarl Laurent Gobet IS THE OWNER OF THE INTELLECTUAL PROPERTY RIGHTS OR HOLD THE RIGHTS OF USE ON ALL THE ELEMENTS ACCESSIBLE ON THE WEBSITE, INCLUDING TEXT, IMAGES, GRAPHICS, LOGO, ICONS, SOUNDS, SOFTWARE.\" href=\"https:\/\/www.domaine-croixdarbussin.com\/en\">Sarl Laurent Gobet<\/a>\u00a0L\u2019OBLIGATION OU NON DE FOURNIR CES INFORMATIONS.<\/p>\n<p>IN ACCORDANCE WITH THE PROVISIONS OF ARTICLES 38 AND FOLLOWING OF THE LAW 78-17 OF JANUARY 6, 1978 RELATING TO DATA PROCESSING, THE FILES AND FREEDOMS, ANY USER HAS A RIGHT OF ACCESS, CORRECTION AND OPPOSITION TO THEIR PERSONAL DATA, BY CARRYING OUT A WRITTEN AND SIGNED REQUEST, ACCOMPANIED BY A COPY OF THE TITLE OF IDENTITY WITH SIGNATURE OF THE HOLDER OF THE DOCUMENT, AND SPECIFYING THE ADDRESS TO WHICH THE ANSWER MUST BE SENT.<\/p>\n<p>NO PERSONAL INFORMATION OF THE USER OF THE SARL LAURENT GOBET WEBSITE IS PUBLISHED WITHIN THE USER&rsquo;S KNOWLEDGE, NOR EXCHANGED, TRANSFERRED, GIVEN OR SOLD ON ANY MEDIA TO THIRD PARTIES. ONLY THE ASSUMPTION OF THE BUYOUT OF SARL LAURENT GOBET AND ITS RIGHTS WILL PERMIT THE TRANSMISSION OF SUCH INFORMATION TO THE FUTURE ACQUIRER, WHO WILL THEN BE HELD TO THE SAME OBLIGATION OF CONSERVATION AND MODIFICATION OF THE DATA WITH RESPECT TO THE USER OF THE SARL LAURENT GOBET SITE.\u00a0<a title=\"Sarl Laurent Gobet IS THE OWNER OF THE INTELLECTUAL PROPERTY RIGHTS OR HOLD THE RIGHTS OF USE ON ALL THE ELEMENTS ACCESSIBLE ON THE WEBSITE, INCLUDING TEXT, IMAGES, GRAPHICS, LOGO, ICONS, SOUNDS, SOFTWARE.\" href=\"https:\/\/www.domaine-croixdarbussin.com\/en\">Sarl Laurent Gobet<\/a>\u00a0N&rsquo;EST PUBLI\u00c9E \u00c0 L&rsquo;INSU DE L&rsquo;UTILISATEUR, \u00c9CHANG\u00c9E, TRANSF\u00c9R\u00c9E, C\u00c9D\u00c9E OU VENDUE SUR UN SUPPORT QUELCONQUE \u00c0 DES TIERS. SEULE L&rsquo;HYPOTH\u00c8SE DU RACHAT DE\u00a0<a title=\"Sarl Laurent Gobet IS THE OWNER OF THE INTELLECTUAL PROPERTY RIGHTS OR HOLD THE RIGHTS OF USE ON ALL THE ELEMENTS ACCESSIBLE ON THE WEBSITE, INCLUDING TEXT, IMAGES, GRAPHICS, LOGO, ICONS, SOUNDS, SOFTWARE.\" href=\"https:\/\/www.domaine-croixdarbussin.com\/en\">Sarl Laurent Gobet<\/a>\u00a0ET DE SES DROITS PERMETTRAIT LA TRANSMISSION DES DITES INFORMATIONS \u00c0 L&rsquo;\u00c9VENTUEL ACQU\u00c9REUR QUI SERAIT \u00c0 SON TOUR TENU DE LA M\u00caME OBLIGATION DE CONSERVATION ET DE MODIFICATION DES DONN\u00c9ES VIS \u00c0 VIS DE L&rsquo;UTILISATEUR DU SITE\u00a0<a title=\"Sarl Laurent Gobet IS THE OWNER OF THE INTELLECTUAL PROPERTY RIGHTS OR HOLD THE RIGHTS OF USE ON ALL THE ELEMENTS ACCESSIBLE ON THE WEBSITE, INCLUDING TEXT, IMAGES, GRAPHICS, LOGO, ICONS, SOUNDS, SOFTWARE.\" href=\"https:\/\/www.domaine-croixdarbussin.com\/en\">Sarl Laurent Gobet<\/a>.<\/p>\n<p>THE SITE IS NOT DECLARED TO THE CNIL BECAUSE IT DOES NOT USE PERSONAL DATA AS INDICATED ON THIS PAGE.<\/p>\n<p>THE DATABASES ARE PROTECTED BY THE PROVISIONS OF THE LAW OF JULY 1, 1998 TRANSPOSING THE DIRECTIVE 96\/9 OF MARCH 11, 1996 ON THE LEGAL PROTECTION OF DATABASES.<\/p>\n<h2>8. HYPERTEXT LINKS AND COOKIES<\/h2>\n<p>THE WEBSITE OF SARL LAURENT GOBET CONTAINS A NUMBER OF HYPERTEXT LINKS LEADING TO OTHER WEBSITES, PLACED WITH THE AUTHORISATION OF SARL LAURENT GOBET. HOWEVER, SARL LAURENT GOBET DOES NOT HAVE THE ABILITY TO VERIFY THE CONTENT OF THE VISITED SITES, AND WILL THEREFORE ASSUME NO RESPONSIBILITY RELATED TO THE USE OF THOSE SITES.\u00a0<a title=\"Sarl Laurent Gobet IS THE OWNER OF THE INTELLECTUAL PROPERTY RIGHTS OR HOLD THE RIGHTS OF USE ON ALL THE ELEMENTS ACCESSIBLE ON THE WEBSITE, INCLUDING TEXT, IMAGES, GRAPHICS, LOGO, ICONS, SOUNDS, SOFTWARE.\" href=\"https:\/\/www.domaine-croixdarbussin.com\/en\">Sarl Laurent Gobet<\/a>\u00a0CONTIENT UN CERTAIN NOMBRE DE LIENS HYPERTEXTES VERS D\u2019AUTRES SITES, MIS EN PLACE AVEC L\u2019AUTORISATION DE\u00a0<a title=\"Sarl Laurent Gobet IS THE OWNER OF THE INTELLECTUAL PROPERTY RIGHTS OR HOLD THE RIGHTS OF USE ON ALL THE ELEMENTS ACCESSIBLE ON THE WEBSITE, INCLUDING TEXT, IMAGES, GRAPHICS, LOGO, ICONS, SOUNDS, SOFTWARE.\" href=\"https:\/\/www.domaine-croixdarbussin.com\/en\">Sarl Laurent Gobet<\/a>. CEPENDANT,\u00a0<a title=\"Sarl Laurent Gobet IS THE OWNER OF THE INTELLECTUAL PROPERTY RIGHTS OR HOLD THE RIGHTS OF USE ON ALL THE ELEMENTS ACCESSIBLE ON THE WEBSITE, INCLUDING TEXT, IMAGES, GRAPHICS, LOGO, ICONS, SOUNDS, SOFTWARE.\" href=\"https:\/\/www.domaine-croixdarbussin.com\/en\">Sarl Laurent Gobet<\/a>\u00a0N\u2019A PAS LA POSSIBILIT\u00c9 DE V\u00c9RIFIER LE CONTENU DES SITES AINSI VISIT\u00c9S, ET N\u2019ASSUMERA EN CONS\u00c9QUENCE AUCUNE RESPONSABILIT\u00c9 DE CE FAIT.<\/p>\n<p>BROWSING THE SARL LAURENT GOBET WEBSITE IS LIKELY TO RESULT IN THE INSTALLATION OF COOKIES ON THE USER&rsquo;S COMPUTER. A COOKIE IS A SMALL FILE, WHICH DOES NOT ALLOW THE IDENTIFICATION OF THE USER, BUT WHICH RECORDS INFORMATION RELATING TO THE NAVIGATION OF A COMPUTER ON A SITE. THE DATA THUS OBTAINED IS INTENDED TO FACILITATE SUBSEQUENT NAVIGATION ON THE SITE, AND IS ALSO INTENDED TO ALLOW VARIOUS MEASURES OF FREQUENTATION.\u00a0<a title=\"Sarl Laurent Gobet IS THE OWNER OF THE INTELLECTUAL PROPERTY RIGHTS OR HOLD THE RIGHTS OF USE ON ALL THE ELEMENTS ACCESSIBLE ON THE WEBSITE, INCLUDING TEXT, IMAGES, GRAPHICS, LOGO, ICONS, SOUNDS, SOFTWARE.\" href=\"https:\/\/www.domaine-croixdarbussin.com\/en\">Sarl Laurent Gobet<\/a>\u00a0EST SUSCEPTIBLE DE PROVOQUER L\u2019INSTALLATION DE COOKIE(S) SUR L\u2019ORDINATEUR DE L\u2019UTILISATEUR. UN COOKIE EST UN FICHIER DE PETITE TAILLE, QUI NE PERMET PAS L\u2019IDENTIFICATION DE L\u2019UTILISATEUR, MAIS QUI ENREGISTRE DES INFORMATIONS RELATIVES \u00c0 LA NAVIGATION D\u2019UN ORDINATEUR SUR UN SITE. LES DONN\u00c9ES AINSI OBTENUES VISENT \u00c0 FACILITER LA NAVIGATION ULT\u00c9RIEURE SUR LE SITE, ET ONT \u00c9GALEMENT VOCATION \u00c0 PERMETTRE DIVERSES MESURES DE FR\u00c9QUENTATION.<\/p>\n<p>REFUSING TO INSTALL A COOKIE MAY MAKE IT IMPOSSIBLE TO ACCESS CERTAIN SERVICES. THE USER CAN HOWEVER CONFIGURE HIS COMPUTER IN THE FOLLOWING WAY, TO REFUSE THE INSTALLATION OF COOKIES:<\/p>\n<ul>\n<li>UNDER INTERNET EXPLORER: TOOLS TAB (PICTOGRAM IN THE SHAPE OF A COG ON THE TOP RIGHT OF THE SCREEN) \/ INTERNET OPTIONS. CLICK ON CONFIDENTIALITY AND CHOOSE BLOCK ALL COOKIES. VALIDATE BY CLICKING OK.<\/li>\n<li>UNDER FIREFOX: AT THE TOP OF THE BROWSER WINDOW, CLICK ON THE FIREFOX BUTTON, THEN GO TO THE OPTIONS TAB. CLICK ON THE PRIVACY TAB. SET THE RETENTION RULES TO: USE CUSTOM SETTINGS FOR HISTORY. FINALLY UNCHECK IT TO DISABLE COOKIES.<\/li>\n<li>UNDER SAFARI: CLICK ON THE MENU ICON (SYMBOLIZED BY A COG) AT THE TOP RIGHT OF THE BROWSER. SELECT SETTINGS. CLICK ON \u00ab\u00a0SHOW ADVANCED SETTINGS\u00a0\u00bb. IN THE \u00ab\u00a0PRIVACY\u00a0\u00bb SECTION, CLICK ON \u00ab\u00a0CONTENT SETTINGS\u00a0\u00bb. IN THE \u00ab\u00a0COOKIES\u00a0\u00bb SECTION, YOU CAN BLOCK COOKIES.<\/li>\n<li>UNDER CHROME: CLICK ON THE MENU ICON (SYMBOLIZED BY THREE HORIZONTAL LINES) AT THE TOP RIGHT OF THE BROWSER. SELECT SETTINGS. CLICK ON SHOW ADVANCED SETTINGS. IN THE \u00ab\u00a0PRIVACY\u00a0\u00bb SECTION, CLICK ON PREFERENCES. IN THE \u00ab\u00a0PRIVACY\u00a0\u00bb TAB, YOU CAN BLOCK COOKIES.<\/li>\n<\/ul>\n<h2>9. APPLICABLE LAW AND JURISDICTION ATTRIBUTION<\/h2>\n<p>ANY DISPUTE IN CONNECTION WITH THE USE OF THE SITE &#8230;. IS SUBJECT TO FRENCH LAW. EXCLUSIVE JURISDICTION IS GIVEN TO THE COMPETENT PARIS COURTS.<\/p>\n<h2>10. THE MAIN APPLICABLE LAWS<\/h2>\n<p>LAW N\u00b0 78-17 OF JANUARY 6, 1978, AMENDED IN PARTICULAR BY LAW N\u00b0 2004-801 OF AUGUST 6, 2004 RELATING TO COMPUTING, FILES AND FREEDOMS.<\/p>\n<p>LAW N\u00b0 2004-575 OF JUNE 21, 2004 FOR CONFIDENCE IN THE DIGITAL ECONOMY.<\/p>\n<h2>11. GLOSSARY<\/h2>\n<p>USER: INTERNET USER CONNECTING, USING THE ABOVE-MENTIONED SITE.<\/p>\n<p>PERSONAL INFORMATION: \u00ab\u00a0INFORMATION THAT ALLOWS, IN ANY FORM WHATSOEVER, DIRECTLY OR NOT, THE IDENTIFICATION OF INDIVIDUALS TO WHOM IT APPLIES\u00a0\u00bb (ARTICLE 4 OF LAW NO. 78-17 OF JANUARY 6, 1978).<\/p>\n\t\t\t\t\t\t\t\t<\/div>\n\t\t\t\t<\/div>\n\t\t\t\t\t<\/div>\n\t\t<\/div>\n\t\t\t\t\t<\/div>\n\t\t<\/section>\n\t\t\t\t<\/div>","protected":false},"excerpt":{"rendered":"<p>Les Mentions L\u00e9gales<\/p>","protected":false},"author":1,"featured_media":0,"parent":0,"menu_order":0,"comment_status":"closed","ping_status":"closed","template":"","meta":{"_acf_changed":false,"footnotes":""},"class_list":["post-573","page","type-page","status-publish","hentry"],"acf":[],"_links":{"self":[{"href":"https:\/\/www.domaine-croixdarbussin.com\/en\/wp-json\/wp\/v2\/pages\/573","targetHints":{"allow":["GET"]}}],"collection":[{"href":"https:\/\/www.domaine-croixdarbussin.com\/en\/wp-json\/wp\/v2\/pages"}],"about":[{"href":"https:\/\/www.domaine-croixdarbussin.com\/en\/wp-json\/wp\/v2\/types\/page"}],"author":[{"embeddable":true,"href":"https:\/\/www.domaine-croixdarbussin.com\/en\/wp-json\/wp\/v2\/users\/1"}],"replies":[{"embeddable":true,"href":"https:\/\/www.domaine-croixdarbussin.com\/en\/wp-json\/wp\/v2\/comments?post=573"}],"version-history":[{"count":0,"href":"https:\/\/www.domaine-croixdarbussin.com\/en\/wp-json\/wp\/v2\/pages\/573\/revisions"}],"wp:attachment":[{"href":"https:\/\/www.domaine-croixdarbussin.com\/en\/wp-json\/wp\/v2\/media?parent=573"}],"curies":[{"name":"wp","href":"https:\/\/api.w.org\/{rel}","templated":true}]}}