{"id":428,"date":"2022-07-04T15:21:50","date_gmt":"2022-07-04T13:21:50","guid":{"rendered":"https:\/\/domaine-croixdarbussin.com\/?post_type=product&#038;p=428"},"modified":"2026-04-29T08:51:56","modified_gmt":"2026-04-29T06:51:56","slug":"bourgogne-aligote","status":"publish","type":"product","link":"https:\/\/www.domaine-croixdarbussin.com\/en\/product\/bourgogne-aligote\/","title":{"rendered":"Bourgogne Aligot\u00e9"},"content":{"rendered":"<p>Burgundy 100% Aligot\u00e9, this noble grape variety long forgotten is now enjoying a well-deserved revival in popularity.<br \/>\nLet yourself be seduced by its freshness and indulgence: it first delights the eye with its bright, clear hue, then enchants the nose with aromas of linden blossom, white-fleshed fruits, and lychee. On the palate, it reveals a round texture with notes of ripe to candied yellow fruits such as pineapple and mango.<\/p>","protected":false},"excerpt":{"rendered":"<p>Bourgogne 100% aligot\u00e9, ce c\u00e9page noble longtemps oubli\u00e9 connait aujourd\u2019hui un regain en termes de notori\u00e9t\u00e9. Laissez-vous s\u00e9duire par sa fraicheur et sa gourmandise : il vous r\u00e9gale d\u2019abord \u00e0 l\u2019\u0153il gr\u00e2ce \u00e0 sa robe claire brillante, puis au nez, avec ses ar\u00f4mes de tilleul, fruits \u00e0 chaires blanches et litchi et sa bouche ronde, [&hellip;]<\/p>\n","protected":false},"featured_media":1972,"template":"","meta":{"_acf_changed":false},"product_brand":[],"product_cat":[32],"product_tag":[],"class_list":{"0":"post-428","1":"product","2":"type-product","3":"status-publish","4":"has-post-thumbnail","6":"product_cat-les-blancs","7":"pa_contenance-75cl","9":"first","10":"instock","11":"taxable","12":"shipping-taxable","13":"purchasable","14":"product-type-variable","15":"has-default-attributes"},"acf":[],"_links":{"self":[{"href":"https:\/\/www.domaine-croixdarbussin.com\/en\/wp-json\/wp\/v2\/product\/428","targetHints":{"allow":["GET"]}}],"collection":[{"href":"https:\/\/www.domaine-croixdarbussin.com\/en\/wp-json\/wp\/v2\/product"}],"about":[{"href":"https:\/\/www.domaine-croixdarbussin.com\/en\/wp-json\/wp\/v2\/types\/product"}],"wp:featuredmedia":[{"embeddable":true,"href":"https:\/\/www.domaine-croixdarbussin.com\/en\/wp-json\/wp\/v2\/media\/1972"}],"wp:attachment":[{"href":"https:\/\/www.domaine-croixdarbussin.com\/en\/wp-json\/wp\/v2\/media?parent=428"}],"wp:term":[{"taxonomy":"product_brand","embeddable":true,"href":"https:\/\/www.domaine-croixdarbussin.com\/en\/wp-json\/wp\/v2\/product_brand?post=428"},{"taxonomy":"product_cat","embeddable":true,"href":"https:\/\/www.domaine-croixdarbussin.com\/en\/wp-json\/wp\/v2\/product_cat?post=428"},{"taxonomy":"product_tag","embeddable":true,"href":"https:\/\/www.domaine-croixdarbussin.com\/en\/wp-json\/wp\/v2\/product_tag?post=428"}],"curies":[{"name":"wp","href":"https:\/\/api.w.org\/{rel}","templated":true}]}}