{"id":440,"date":"2022-07-04T18:30:45","date_gmt":"2022-07-04T16:30:45","guid":{"rendered":"https:\/\/domaine-croixdarbussin.com\/?post_type=product&#038;p=440"},"modified":"2026-04-22T15:57:16","modified_gmt":"2026-04-22T13:57:16","slug":"macon-la-roche-vineuse","status":"publish","type":"product","link":"https:\/\/www.domaine-croixdarbussin.com\/en\/product\/macon-la-roche-vineuse\/","title":{"rendered":"M\u00e2con La Roche Vineuse"},"content":{"rendered":"<p>100% Chardonnay, originally from the Burgundy vineyards, this grape variety has become truly international, winning over wine lovers around the world.<\/p>\n<div class=\"page\" title=\"Page 5\">\n<div class=\"section\">\n<div class=\"layoutArea\">\n<div class=\"column\">\n<p>Appreciate its bright golden hue and its subtle aromas of vanilla and hazelnut. Round on the attack, this cuv\u00e9e quickly develops a distinct minerality, reminiscent of a few grains of salt melting on the palate.<\/p>\n<\/div>\n<\/div>\n<\/div>\n<\/div>","protected":false},"excerpt":{"rendered":"<p>Ce\u0301page 100% Chardonnay, originaire du vignoble de Bourgogne, il est aujourd\u2019hui un ce\u0301page international ayant conquis de nombreux pays. Appre\u0301ciez sa robe robe or vif \u00a0et ses parfums subtiles de vanille et de noisette. Rond en attaque, cette cuve\u0301e d\u00e9veloppe rapidement une certaine min\u00e9ralit\u00e9 semblable \u00e0 la sensation de quelques grains de sel qui fondent [&hellip;]<\/p>\n","protected":false},"featured_media":1960,"template":"","meta":{"_acf_changed":false},"product_brand":[],"product_cat":[32],"product_tag":[],"class_list":{"0":"post-440","1":"product","2":"type-product","3":"status-publish","4":"has-post-thumbnail","6":"product_cat-les-blancs","7":"pa_contenance-75cl","8":"pa_contenance-15l","10":"first","11":"instock","12":"taxable","13":"shipping-taxable","14":"purchasable","15":"product-type-variable","16":"has-default-attributes"},"acf":[],"_links":{"self":[{"href":"https:\/\/www.domaine-croixdarbussin.com\/en\/wp-json\/wp\/v2\/product\/440","targetHints":{"allow":["GET"]}}],"collection":[{"href":"https:\/\/www.domaine-croixdarbussin.com\/en\/wp-json\/wp\/v2\/product"}],"about":[{"href":"https:\/\/www.domaine-croixdarbussin.com\/en\/wp-json\/wp\/v2\/types\/product"}],"wp:featuredmedia":[{"embeddable":true,"href":"https:\/\/www.domaine-croixdarbussin.com\/en\/wp-json\/wp\/v2\/media\/1960"}],"wp:attachment":[{"href":"https:\/\/www.domaine-croixdarbussin.com\/en\/wp-json\/wp\/v2\/media?parent=440"}],"wp:term":[{"taxonomy":"product_brand","embeddable":true,"href":"https:\/\/www.domaine-croixdarbussin.com\/en\/wp-json\/wp\/v2\/product_brand?post=440"},{"taxonomy":"product_cat","embeddable":true,"href":"https:\/\/www.domaine-croixdarbussin.com\/en\/wp-json\/wp\/v2\/product_cat?post=440"},{"taxonomy":"product_tag","embeddable":true,"href":"https:\/\/www.domaine-croixdarbussin.com\/en\/wp-json\/wp\/v2\/product_tag?post=440"}],"curies":[{"name":"wp","href":"https:\/\/api.w.org\/{rel}","templated":true}]}}