{"id":969,"date":"2022-12-04T10:35:08","date_gmt":"2022-12-04T09:35:08","guid":{"rendered":"https:\/\/www.domaine-croixdarbussin.com\/?post_type=product&#038;p=969"},"modified":"2026-04-22T16:34:26","modified_gmt":"2026-04-22T14:34:26","slug":"bourgogne-pinot-noir","status":"publish","type":"product","link":"https:\/\/www.domaine-croixdarbussin.com\/en\/product\/bourgogne-pinot-noir\/","title":{"rendered":"Bourgogne Pinot Noir"},"content":{"rendered":"<p style=\"font-weight: 400;\">100% Pinot Noir, the master grape of Burgundy, this great vintage known as \u201cnoirien\u201d was the first to be officially recognized.<\/p>\n<p style=\"font-weight: 400;\">Its intensity and notes of small berries, combined with complex and spicy aromas, are sure to spark your curiosity. With its deep garnet color and crisp freshness on the palate, it will delight your taste buds.<\/p>","protected":false},"excerpt":{"rendered":"<p>100% Pinot Noir, maitre de la Bourgogne, ce grand c\u00e9page appel\u00e9 noirien a \u00e9t\u00e9 le premier c\u00e9page \u00e0 \u00eatre officiellement reconnu. Son intensit\u00e9 et ses notes de petites baies alli\u00e9es \u00e0 des ar\u00f4mes complexes et \u00e9pic\u00e9s sauront attiser votre curiosit\u00e9 : sa robe grenat profonde, son croquant en bouche saura r\u00e9galer vos papilles.<\/p>","protected":false},"featured_media":1965,"template":"","meta":{"_acf_changed":false},"product_brand":[],"product_cat":[36],"product_tag":[],"class_list":{"0":"post-969","1":"product","2":"type-product","3":"status-publish","4":"has-post-thumbnail","6":"product_cat-les-rouges","7":"pa_contenance-75cl","8":"pa_contenance-15l","10":"first","11":"instock","12":"taxable","13":"shipping-taxable","14":"purchasable","15":"product-type-variable"},"acf":[],"_links":{"self":[{"href":"https:\/\/www.domaine-croixdarbussin.com\/en\/wp-json\/wp\/v2\/product\/969","targetHints":{"allow":["GET"]}}],"collection":[{"href":"https:\/\/www.domaine-croixdarbussin.com\/en\/wp-json\/wp\/v2\/product"}],"about":[{"href":"https:\/\/www.domaine-croixdarbussin.com\/en\/wp-json\/wp\/v2\/types\/product"}],"wp:featuredmedia":[{"embeddable":true,"href":"https:\/\/www.domaine-croixdarbussin.com\/en\/wp-json\/wp\/v2\/media\/1965"}],"wp:attachment":[{"href":"https:\/\/www.domaine-croixdarbussin.com\/en\/wp-json\/wp\/v2\/media?parent=969"}],"wp:term":[{"taxonomy":"product_brand","embeddable":true,"href":"https:\/\/www.domaine-croixdarbussin.com\/en\/wp-json\/wp\/v2\/product_brand?post=969"},{"taxonomy":"product_cat","embeddable":true,"href":"https:\/\/www.domaine-croixdarbussin.com\/en\/wp-json\/wp\/v2\/product_cat?post=969"},{"taxonomy":"product_tag","embeddable":true,"href":"https:\/\/www.domaine-croixdarbussin.com\/en\/wp-json\/wp\/v2\/product_tag?post=969"}],"curies":[{"name":"wp","href":"https:\/\/api.w.org\/{rel}","templated":true}]}}