{"id":973,"date":"2022-12-04T10:45:35","date_gmt":"2022-12-04T09:45:35","guid":{"rendered":"https:\/\/www.domaine-croixdarbussin.com\/?post_type=product&#038;p=973"},"modified":"2026-02-18T10:07:18","modified_gmt":"2026-02-18T09:07:18","slug":"macon-ige-lieu-dit-sous-la-roche","status":"publish","type":"product","link":"https:\/\/www.domaine-croixdarbussin.com\/en\/product\/macon-ige-lieu-dit-sous-la-roche\/","title":{"rendered":"M\u00e2con Ig\u00e9 lieu-dit \u00ab\u00a0Sous la Roche\u00a0\u00bb"},"content":{"rendered":"<div class=\"page\" title=\"Page 6\">\n<div class=\"section\">\n<div class=\"layoutArea\">\n<div class=\"column\">\n<p style=\"font-weight: 400;\">100% Chardonnay, this highly complex wine is sure to capture your full attention.<\/p>\n<p style=\"font-weight: 400;\">You will be transported by its notes of ripe yellow-fleshed fruits (pineapple, mango), citrus, and its delicate aromas of butter and brioche. Its round and generous attack unfolds into a pleasant saline sensation on the finish.<\/p>\n<\/div>\n<\/div>\n<\/div>\n<\/div>","protected":false},"excerpt":{"rendered":"<p>100% Chardonnay, ce vin d\u2019une grande complexit\u00e9 saura attirer toute votre attention. Vous serez transport\u00e9 par ses notes de fruits \u00e0 chair jaune bien m\u00fbrs (ananas, mangue), d\u2019agrumes et ses ar\u00f4mes de beurre et de brioche.\u00a0: son attaque ronde et g\u00e9n\u00e9reuse vous transportera vers une agr\u00e9able sensation de salinit\u00e9 en fin de bouche.<\/p>","protected":false},"featured_media":1295,"template":"","meta":{"_acf_changed":false},"product_brand":[],"product_cat":[32],"product_tag":[],"class_list":{"0":"post-973","1":"product","2":"type-product","3":"status-publish","4":"has-post-thumbnail","6":"product_cat-les-blancs","7":"pa_contenance-75cl","9":"first","10":"instock","11":"taxable","12":"shipping-taxable","13":"purchasable","14":"product-type-variable"},"acf":[],"_links":{"self":[{"href":"https:\/\/www.domaine-croixdarbussin.com\/en\/wp-json\/wp\/v2\/product\/973","targetHints":{"allow":["GET"]}}],"collection":[{"href":"https:\/\/www.domaine-croixdarbussin.com\/en\/wp-json\/wp\/v2\/product"}],"about":[{"href":"https:\/\/www.domaine-croixdarbussin.com\/en\/wp-json\/wp\/v2\/types\/product"}],"wp:featuredmedia":[{"embeddable":true,"href":"https:\/\/www.domaine-croixdarbussin.com\/en\/wp-json\/wp\/v2\/media\/1295"}],"wp:attachment":[{"href":"https:\/\/www.domaine-croixdarbussin.com\/en\/wp-json\/wp\/v2\/media?parent=973"}],"wp:term":[{"taxonomy":"product_brand","embeddable":true,"href":"https:\/\/www.domaine-croixdarbussin.com\/en\/wp-json\/wp\/v2\/product_brand?post=973"},{"taxonomy":"product_cat","embeddable":true,"href":"https:\/\/www.domaine-croixdarbussin.com\/en\/wp-json\/wp\/v2\/product_cat?post=973"},{"taxonomy":"product_tag","embeddable":true,"href":"https:\/\/www.domaine-croixdarbussin.com\/en\/wp-json\/wp\/v2\/product_tag?post=973"}],"curies":[{"name":"wp","href":"https:\/\/api.w.org\/{rel}","templated":true}]}}